{"id":617,"date":"2022-01-05T18:32:49","date_gmt":"2022-01-05T18:32:49","guid":{"rendered":"https:\/\/www.johnbean.com\/eu-es\/?page_id=617"},"modified":"2025-09-29T13:55:01","modified_gmt":"2025-09-29T13:55:01","slug":"careers","status":"publish","type":"page","link":"https:\/\/www.johnbean.com\/eu-es\/careers\/","title":{"rendered":"Careers"},"content":{"rendered":"\t\t<div data-elementor-type=\"wp-page\" data-elementor-id=\"617\" class=\"elementor elementor-617\" data-elementor-post-type=\"page\">\n\t\t\t\t\t\t<section class=\"elementor-section elementor-top-section elementor-element elementor-element-bb8a768 elementor-section-full_width elementor-section-height-default elementor-section-height-default\" data-id=\"bb8a768\" data-element_type=\"section\" data-e-type=\"section\" data-settings=\"{&quot;background_background&quot;:&quot;classic&quot;}\">\n\t\t\t\t\t\t<div class=\"elementor-container elementor-column-gap-no\">\n\t\t\t\t\t<div class=\"elementor-column elementor-col-100 elementor-top-column elementor-element elementor-element-b60ac89\" data-id=\"b60ac89\" data-element_type=\"column\" data-e-type=\"column\">\n\t\t\t<div class=\"elementor-widget-wrap elementor-element-populated\">\n\t\t\t\t\t\t<div class=\"elementor-element elementor-element-0038475 elementor-widget elementor-widget-image\" data-id=\"0038475\" data-element_type=\"widget\" data-e-type=\"widget\" data-widget_type=\"image.default\">\n\t\t\t\t<div class=\"elementor-widget-container\">\n\t\t\t\t\t\t\t\t\t\t\t\t\t\t\t<img fetchpriority=\"high\" decoding=\"async\" width=\"2170\" height=\"944\" src=\"https:\/\/www.johnbean.com\/eu-es\/wp-content\/uploads\/2022\/01\/Header-2.jpg\" class=\"attachment-full size-full wp-image-620\" alt=\"\" srcset=\"https:\/\/www.johnbean.com\/eu-es\/wp-content\/uploads\/2022\/01\/Header-2.jpg 2170w, https:\/\/www.johnbean.com\/eu-es\/wp-content\/uploads\/2022\/01\/Header-2-300x131.jpg 300w, https:\/\/www.johnbean.com\/eu-es\/wp-content\/uploads\/2022\/01\/Header-2-1024x445.jpg 1024w, https:\/\/www.johnbean.com\/eu-es\/wp-content\/uploads\/2022\/01\/Header-2-768x334.jpg 768w, https:\/\/www.johnbean.com\/eu-es\/wp-content\/uploads\/2022\/01\/Header-2-1536x668.jpg 1536w, https:\/\/www.johnbean.com\/eu-es\/wp-content\/uploads\/2022\/01\/Header-2-2048x891.jpg 2048w, https:\/\/www.johnbean.com\/eu-es\/wp-content\/uploads\/2022\/01\/Header-2-600x261.jpg 600w\" sizes=\"(max-width: 2170px) 100vw, 2170px\" \/>\t\t\t\t\t\t\t\t\t\t\t\t\t\t\t<\/div>\n\t\t\t\t<\/div>\n\t\t\t\t<div class=\"elementor-element elementor-element-e7dd593 elementor-widget elementor-widget-heading\" data-id=\"e7dd593\" data-element_type=\"widget\" data-e-type=\"widget\" data-widget_type=\"heading.default\">\n\t\t\t\t<div class=\"elementor-widget-container\">\n\t\t\t\t\t<h2 class=\"elementor-heading-title elementor-size-default\">CARRERAS PROFESIONALES<\/h2>\t\t\t\t<\/div>\n\t\t\t\t<\/div>\n\t\t\t\t<div class=\"elementor-element elementor-element-c627a09 elementor-widget-divider--view-line elementor-widget elementor-widget-divider\" data-id=\"c627a09\" data-element_type=\"widget\" data-e-type=\"widget\" data-widget_type=\"divider.default\">\n\t\t\t\t<div class=\"elementor-widget-container\">\n\t\t\t\t\t\t\t<div class=\"elementor-divider\">\n\t\t\t<span class=\"elementor-divider-separator\">\n\t\t\t\t\t\t<\/span>\n\t\t<\/div>\n\t\t\t\t\t\t<\/div>\n\t\t\t\t<\/div>\n\t\t\t\t<div class=\"elementor-element elementor-element-5cdb50f elementor-widget elementor-widget-text-editor\" data-id=\"5cdb50f\" data-element_type=\"widget\" data-e-type=\"widget\" data-widget_type=\"text-editor.default\">\n\t\t\t\t<div class=\"elementor-widget-container\">\n\t\t\t\t\t\t\t\t\t<p>CRECIMIENTO Y OPORTUNIDAD<\/p>\t\t\t\t\t\t\t\t<\/div>\n\t\t\t\t<\/div>\n\t\t\t\t\t<\/div>\n\t\t<\/div>\n\t\t\t\t\t<\/div>\n\t\t<\/section>\n\t\t\t\t<section class=\"elementor-section elementor-top-section elementor-element elementor-element-c57f792 elementor-section-full_width elementor-section-height-default elementor-section-height-default\" data-id=\"c57f792\" data-element_type=\"section\" data-e-type=\"section\" data-settings=\"{&quot;background_background&quot;:&quot;classic&quot;}\">\n\t\t\t\t\t\t<div class=\"elementor-container elementor-column-gap-default\">\n\t\t\t\t\t<div class=\"elementor-column elementor-col-100 elementor-top-column elementor-element elementor-element-b5f77e4\" data-id=\"b5f77e4\" data-element_type=\"column\" data-e-type=\"column\">\n\t\t\t<div class=\"elementor-widget-wrap elementor-element-populated\">\n\t\t\t\t\t\t<div class=\"elementor-element elementor-element-83f77ab elementor-widget elementor-widget-heading\" data-id=\"83f77ab\" data-element_type=\"widget\" data-e-type=\"widget\" data-widget_type=\"heading.default\">\n\t\t\t\t<div class=\"elementor-widget-container\">\n\t\t\t\t\t<h2 class=\"elementor-heading-title elementor-size-default\">TRABAJA CON NOSOTROS<\/h2>\t\t\t\t<\/div>\n\t\t\t\t<\/div>\n\t\t\t\t<div class=\"elementor-element elementor-element-bcfb6f4 elementor-widget elementor-widget-text-editor\" data-id=\"bcfb6f4\" data-element_type=\"widget\" data-e-type=\"widget\" data-widget_type=\"text-editor.default\">\n\t\t\t\t<div class=\"elementor-widget-container\">\n\t\t\t\t\t\t\t\t\t<p>John Bean<sup>\u00ae<\/sup> es el proveedor l\u00edder mundial de soluciones de equipos de servicios para autom\u00f3viles y es una de las muchas marcas que Snap-on<sup>\u00ae<\/sup> ofrece a los propietarios y encargados de talleres de reparaci\u00f3n.<\/p><p>Snap-on es conocida por la calidad de nuestros productos, pero sabemos que es la pasi\u00f3n y el car\u00e1cter de nuestra gente lo que hace que nuestra empresa sea l\u00edder mundial.<\/p><p>Con nuestros diversos talentos y nuestro profundo orgullo por la familia de marcas de Snap-on, impulsamos la innovaci\u00f3n y creamos valor.<\/p>\t\t\t\t\t\t\t\t<\/div>\n\t\t\t\t<\/div>\n\t\t\t\t\t<\/div>\n\t\t<\/div>\n\t\t\t\t\t<\/div>\n\t\t<\/section>\n\t\t\t\t<section class=\"elementor-section elementor-top-section elementor-element elementor-element-5dd7a5c elementor-section-full_width elementor-section-height-default elementor-section-height-default\" data-id=\"5dd7a5c\" data-element_type=\"section\" data-e-type=\"section\">\n\t\t\t\t\t\t<div class=\"elementor-container elementor-column-gap-default\">\n\t\t\t\t\t<div class=\"elementor-column elementor-col-100 elementor-top-column elementor-element elementor-element-0e755c8\" data-id=\"0e755c8\" data-element_type=\"column\" data-e-type=\"column\">\n\t\t\t<div class=\"elementor-widget-wrap elementor-element-populated\">\n\t\t\t\t\t\t<div class=\"elementor-element elementor-element-746238e elementor-widget elementor-widget-heading\" data-id=\"746238e\" data-element_type=\"widget\" data-e-type=\"widget\" data-widget_type=\"heading.default\">\n\t\t\t\t<div class=\"elementor-widget-container\">\n\t\t\t\t\t<h2 class=\"elementor-heading-title elementor-size-default\">TRABAJAMOS DURO JUNTOS<\/h2>\t\t\t\t<\/div>\n\t\t\t\t<\/div>\n\t\t\t\t<div class=\"elementor-element elementor-element-4ac394b elementor-widget elementor-widget-heading\" data-id=\"4ac394b\" data-element_type=\"widget\" data-e-type=\"widget\" data-widget_type=\"heading.default\">\n\t\t\t\t<div class=\"elementor-widget-container\">\n\t\t\t\t\t<h2 class=\"elementor-heading-title elementor-size-default\">CRECEMOS JUNTOS. SOMOS UN SOLO EQUIPO SNAP-ON\u00ae.<\/h2>\t\t\t\t<\/div>\n\t\t\t\t<\/div>\n\t\t\t\t<section class=\"elementor-section elementor-inner-section elementor-element elementor-element-af18a09 elementor-section-full_width elementor-section-content-middle elementor-section-height-default elementor-section-height-default\" data-id=\"af18a09\" data-element_type=\"section\" data-e-type=\"section\">\n\t\t\t\t\t\t<div class=\"elementor-container elementor-column-gap-default\">\n\t\t\t\t\t<div class=\"elementor-column elementor-col-50 elementor-inner-column elementor-element elementor-element-481638e\" data-id=\"481638e\" data-element_type=\"column\" data-e-type=\"column\">\n\t\t\t<div class=\"elementor-widget-wrap elementor-element-populated\">\n\t\t\t\t\t\t<div class=\"elementor-element elementor-element-06c353c elementor-widget elementor-widget-text-editor\" data-id=\"06c353c\" data-element_type=\"widget\" data-e-type=\"widget\" data-widget_type=\"text-editor.default\">\n\t\t\t\t<div class=\"elementor-widget-container\">\n\t\t\t\t\t\t\t\t\t<p>Gracias a la capacidad, la habilidad y el compromiso de nuestros asociados y a la fuerza de nuestras marcas, Snap-on allana el camino y resuelve tareas cr\u00edticas para los profesionales dedicados de todo el mundo, y lleva liderando la innovaci\u00f3n durante m\u00e1s de 100 a\u00f1os.<\/p><p>Snap-on est\u00e1 comprometida con la igualdad de oportunidades en el empleo, lo que significa que ning\u00fan solicitante de empleo ser\u00e1 discriminado por motivos de raza, creencias, color, nacionalidad, sexo, edad, discapacidad, condici\u00f3n de veterano u orientaci\u00f3n sexual.<\/p>\t\t\t\t\t\t\t\t<\/div>\n\t\t\t\t<\/div>\n\t\t\t\t<div class=\"elementor-element elementor-element-2ff6943 elementor-widget elementor-widget-button\" data-id=\"2ff6943\" data-element_type=\"widget\" data-e-type=\"widget\" data-widget_type=\"button.default\">\n\t\t\t\t<div class=\"elementor-widget-container\">\n\t\t\t\t\t\t\t\t\t<div class=\"elementor-button-wrapper\">\n\t\t\t\t\t<a class=\"elementor-button elementor-button-link elementor-size-sm\" href=\"https:\/\/soe.snaponequipment.com\/es\/\">\n\t\t\t\t\t\t<span class=\"elementor-button-content-wrapper\">\n\t\t\t\t\t\t\t\t\t<span class=\"elementor-button-text\">\u00a1VEN A FORMAR PARTE DE NUESTRO EQUIPO!<\/span>\n\t\t\t\t\t<\/span>\n\t\t\t\t\t<\/a>\n\t\t\t\t<\/div>\n\t\t\t\t\t\t\t\t<\/div>\n\t\t\t\t<\/div>\n\t\t\t\t\t<\/div>\n\t\t<\/div>\n\t\t\t\t<div class=\"elementor-column elementor-col-50 elementor-inner-column elementor-element elementor-element-a6e5b88\" data-id=\"a6e5b88\" data-element_type=\"column\" data-e-type=\"column\">\n\t\t\t<div class=\"elementor-widget-wrap elementor-element-populated\">\n\t\t\t\t\t\t<div class=\"elementor-element elementor-element-a868e85 elementor-widget elementor-widget-image\" data-id=\"a868e85\" data-element_type=\"widget\" data-e-type=\"widget\" data-widget_type=\"image.default\">\n\t\t\t\t<div class=\"elementor-widget-container\">\n\t\t\t\t\t\t\t\t\t\t\t\t\t\t\t<img decoding=\"async\" width=\"922\" height=\"480\" src=\"https:\/\/www.johnbean.com\/eu-es\/wp-content\/uploads\/2022\/03\/Machine-Assembly.jpg\" class=\"attachment-full size-full wp-image-5072\" alt=\"\" srcset=\"https:\/\/www.johnbean.com\/eu-es\/wp-content\/uploads\/2022\/03\/Machine-Assembly.jpg 922w, https:\/\/www.johnbean.com\/eu-es\/wp-content\/uploads\/2022\/03\/Machine-Assembly-300x156.jpg 300w, https:\/\/www.johnbean.com\/eu-es\/wp-content\/uploads\/2022\/03\/Machine-Assembly-768x400.jpg 768w\" sizes=\"(max-width: 922px) 100vw, 922px\" \/>\t\t\t\t\t\t\t\t\t\t\t\t\t\t\t<\/div>\n\t\t\t\t<\/div>\n\t\t\t\t\t<\/div>\n\t\t<\/div>\n\t\t\t\t\t<\/div>\n\t\t<\/section>\n\t\t\t\t<section class=\"elementor-section elementor-inner-section elementor-element elementor-element-d4cdbff elementor-section-full_width elementor-section-content-middle elementor-section-height-default elementor-section-height-default\" data-id=\"d4cdbff\" data-element_type=\"section\" data-e-type=\"section\">\n\t\t\t\t\t\t<div class=\"elementor-container elementor-column-gap-default\">\n\t\t\t\t\t<div class=\"elementor-column elementor-col-50 elementor-inner-column elementor-element elementor-element-fb4b775\" data-id=\"fb4b775\" data-element_type=\"column\" data-e-type=\"column\">\n\t\t\t<div class=\"elementor-widget-wrap elementor-element-populated\">\n\t\t\t\t\t\t<div class=\"elementor-element elementor-element-d3661d0 elementor-widget elementor-widget-text-editor\" data-id=\"d3661d0\" data-element_type=\"widget\" data-e-type=\"widget\" data-widget_type=\"text-editor.default\">\n\t\t\t\t<div class=\"elementor-widget-container\">\n\t\t\t\t\t\t\t\t\t\u201cMi parte favorita de trabajar para Snap-on es el ambiente familiar en el que celebramos nuestros logros. Producir nuevos productos para la marca John Bean me mantiene entusiasmado por el futuro.\u201d\t\t\t\t\t\t\t\t<\/div>\n\t\t\t\t<\/div>\n\t\t\t\t<div class=\"elementor-element elementor-element-488909e elementor-widget elementor-widget-text-editor\" data-id=\"488909e\" data-element_type=\"widget\" data-e-type=\"widget\" data-widget_type=\"text-editor.default\">\n\t\t\t\t<div class=\"elementor-widget-container\">\n\t\t\t\t\t\t\t\t\t<p><strong>W. Sargent<\/strong><br \/>Jefe de l\u00ednea de John Bean Tru-Point<br \/>Miembro del equipo de Snap-on desde 2010<\/p>\t\t\t\t\t\t\t\t<\/div>\n\t\t\t\t<\/div>\n\t\t\t\t\t<\/div>\n\t\t<\/div>\n\t\t\t\t<div class=\"elementor-column elementor-col-50 elementor-inner-column elementor-element elementor-element-a6abfbb\" data-id=\"a6abfbb\" data-element_type=\"column\" data-e-type=\"column\">\n\t\t\t<div class=\"elementor-widget-wrap elementor-element-populated\">\n\t\t\t\t\t\t<div class=\"elementor-element elementor-element-15fc66c elementor-widget elementor-widget-image\" data-id=\"15fc66c\" data-element_type=\"widget\" data-e-type=\"widget\" data-widget_type=\"image.default\">\n\t\t\t\t<div class=\"elementor-widget-container\">\n\t\t\t\t\t\t\t\t\t\t\t\t\t\t\t<img decoding=\"async\" width=\"922\" height=\"480\" src=\"https:\/\/www.johnbean.com\/eu-es\/wp-content\/uploads\/2022\/03\/Sergeant-Wayne.jpg\" class=\"attachment-full size-full wp-image-5073\" alt=\"\" srcset=\"https:\/\/www.johnbean.com\/eu-es\/wp-content\/uploads\/2022\/03\/Sergeant-Wayne.jpg 922w, https:\/\/www.johnbean.com\/eu-es\/wp-content\/uploads\/2022\/03\/Sergeant-Wayne-300x156.jpg 300w, https:\/\/www.johnbean.com\/eu-es\/wp-content\/uploads\/2022\/03\/Sergeant-Wayne-768x400.jpg 768w\" sizes=\"(max-width: 922px) 100vw, 922px\" \/>\t\t\t\t\t\t\t\t\t\t\t\t\t\t\t<\/div>\n\t\t\t\t<\/div>\n\t\t\t\t\t<\/div>\n\t\t<\/div>\n\t\t\t\t\t<\/div>\n\t\t<\/section>\n\t\t\t\t\t<\/div>\n\t\t<\/div>\n\t\t\t\t\t<\/div>\n\t\t<\/section>\n\t\t\t\t<\/div>\n\t\t","protected":false},"excerpt":{"rendered":"<p>CARRERAS PROFESIONALES CRECIMIENTO Y OPORTUNIDAD TRABAJA CON NOSOTROS John Bean\u00ae es el proveedor l\u00edder mundial de soluciones de equipos de servicios para autom\u00f3viles y es una de las muchas marcas que Snap-on\u00ae ofrece a los propietarios y encargados de talleres de reparaci\u00f3n. Snap-on es conocida por la calidad de nuestros productos, pero sabemos que es [&hellip;]<\/p>\n","protected":false},"author":1,"featured_media":0,"parent":0,"menu_order":0,"comment_status":"closed","ping_status":"closed","template":"","meta":{"_acf_changed":false,"ocean_post_layout":"full-screen","ocean_both_sidebars_style":"","ocean_both_sidebars_content_width":0,"ocean_both_sidebars_sidebars_width":0,"ocean_sidebar":"0","ocean_second_sidebar":"0","ocean_disable_margins":"on","ocean_add_body_class":"","ocean_shortcode_before_top_bar":"","ocean_shortcode_after_top_bar":"","ocean_shortcode_before_header":"","ocean_shortcode_after_header":"","ocean_has_shortcode":"","ocean_shortcode_after_title":"","ocean_shortcode_before_footer_widgets":"","ocean_shortcode_after_footer_widgets":"","ocean_shortcode_before_footer_bottom":"","ocean_shortcode_after_footer_bottom":"","ocean_display_top_bar":"off","ocean_display_header":"default","ocean_header_style":"minimal","ocean_center_header_left_menu":"0","ocean_custom_header_template":"0","ocean_custom_logo":0,"ocean_custom_retina_logo":0,"ocean_custom_logo_max_width":0,"ocean_custom_logo_tablet_max_width":0,"ocean_custom_logo_mobile_max_width":0,"ocean_custom_logo_max_height":0,"ocean_custom_logo_tablet_max_height":0,"ocean_custom_logo_mobile_max_height":0,"ocean_header_custom_menu":"0","ocean_menu_typo_font_family":"0","ocean_menu_typo_font_subset":"","ocean_menu_typo_font_size":0,"ocean_menu_typo_font_size_tablet":0,"ocean_menu_typo_font_size_mobile":0,"ocean_menu_typo_font_size_unit":"px","ocean_menu_typo_font_weight":"","ocean_menu_typo_font_weight_tablet":"","ocean_menu_typo_font_weight_mobile":"","ocean_menu_typo_transform":"","ocean_menu_typo_transform_tablet":"","ocean_menu_typo_transform_mobile":"","ocean_menu_typo_line_height":0,"ocean_menu_typo_line_height_tablet":0,"ocean_menu_typo_line_height_mobile":0,"ocean_menu_typo_line_height_unit":"","ocean_menu_typo_spacing":0,"ocean_menu_typo_spacing_tablet":0,"ocean_menu_typo_spacing_mobile":0,"ocean_menu_typo_spacing_unit":"","ocean_menu_link_color":"","ocean_menu_link_color_hover":"","ocean_menu_link_color_active":"","ocean_menu_link_background":"","ocean_menu_link_hover_background":"","ocean_menu_link_active_background":"","ocean_menu_social_links_bg":"","ocean_menu_social_hover_links_bg":"","ocean_menu_social_links_color":"","ocean_menu_social_hover_links_color":"","ocean_disable_title":"on","ocean_disable_heading":"default","ocean_post_title":"","ocean_post_subheading":"","ocean_post_title_style":"","ocean_post_title_background_color":"","ocean_post_title_background":0,"ocean_post_title_bg_image_position":"","ocean_post_title_bg_image_attachment":"","ocean_post_title_bg_image_repeat":"","ocean_post_title_bg_image_size":"","ocean_post_title_height":0,"ocean_post_title_bg_overlay":0.5,"ocean_post_title_bg_overlay_color":"","ocean_disable_breadcrumbs":"default","ocean_breadcrumbs_color":"","ocean_breadcrumbs_separator_color":"","ocean_breadcrumbs_links_color":"","ocean_breadcrumbs_links_hover_color":"","ocean_display_footer_widgets":"default","ocean_display_footer_bottom":"default","ocean_custom_footer_template":"0","footnotes":""},"class_list":["post-617","page","type-page","status-publish","hentry","entry"],"acf":[],"yoast_head":"<!-- This site is optimized with the Yoast SEO plugin v27.3 - https:\/\/yoast.com\/product\/yoast-seo-wordpress\/ -->\n<title>Careers - John Bean<\/title>\n<meta name=\"robots\" content=\"index, follow, max-snippet:-1, max-image-preview:large, max-video-preview:-1\" \/>\n<link rel=\"canonical\" href=\"https:\/\/www.johnbean.com\/eu-es\/careers\/\" \/>\n<meta property=\"og:locale\" content=\"en_US\" \/>\n<meta property=\"og:type\" content=\"article\" \/>\n<meta property=\"og:title\" content=\"Careers - John Bean\" \/>\n<meta property=\"og:description\" content=\"CARRERAS PROFESIONALES CRECIMIENTO Y OPORTUNIDAD TRABAJA CON NOSOTROS John Bean\u00ae es el proveedor l\u00edder mundial de soluciones de equipos de servicios para autom\u00f3viles y es una de las muchas marcas que Snap-on\u00ae ofrece a los propietarios y encargados de talleres de reparaci\u00f3n. Snap-on es conocida por la calidad de nuestros productos, pero sabemos que es [&hellip;]\" \/>\n<meta property=\"og:url\" content=\"https:\/\/www.johnbean.com\/eu-es\/careers\/\" \/>\n<meta property=\"og:site_name\" content=\"John Bean\" \/>\n<meta property=\"article:modified_time\" content=\"2025-09-29T13:55:01+00:00\" \/>\n<meta property=\"og:image\" content=\"https:\/\/www.johnbean.com\/eu-es\/wp-content\/uploads\/2022\/01\/Header-2.jpg\" \/>\n\t<meta property=\"og:image:width\" content=\"2170\" \/>\n\t<meta property=\"og:image:height\" content=\"944\" \/>\n\t<meta property=\"og:image:type\" content=\"image\/jpeg\" \/>\n<meta name=\"twitter:card\" content=\"summary_large_image\" \/>\n<meta name=\"twitter:label1\" content=\"Est. reading time\" \/>\n\t<meta name=\"twitter:data1\" content=\"2 minutes\" \/>\n<script type=\"application\/ld+json\" class=\"yoast-schema-graph\">{\"@context\":\"https:\\\/\\\/schema.org\",\"@graph\":[{\"@type\":\"WebPage\",\"@id\":\"https:\\\/\\\/www.johnbean.com\\\/eu-es\\\/careers\\\/\",\"url\":\"https:\\\/\\\/www.johnbean.com\\\/eu-es\\\/careers\\\/\",\"name\":\"Careers - John Bean\",\"isPartOf\":{\"@id\":\"https:\\\/\\\/www.johnbean.com\\\/eu-es\\\/#website\"},\"primaryImageOfPage\":{\"@id\":\"https:\\\/\\\/www.johnbean.com\\\/eu-es\\\/careers\\\/#primaryimage\"},\"image\":{\"@id\":\"https:\\\/\\\/www.johnbean.com\\\/eu-es\\\/careers\\\/#primaryimage\"},\"thumbnailUrl\":\"https:\\\/\\\/www.johnbean.com\\\/eu-es\\\/wp-content\\\/uploads\\\/2022\\\/01\\\/Header-2.jpg\",\"datePublished\":\"2022-01-05T18:32:49+00:00\",\"dateModified\":\"2025-09-29T13:55:01+00:00\",\"breadcrumb\":{\"@id\":\"https:\\\/\\\/www.johnbean.com\\\/eu-es\\\/careers\\\/#breadcrumb\"},\"inLanguage\":\"en-US\",\"potentialAction\":[{\"@type\":\"ReadAction\",\"target\":[\"https:\\\/\\\/www.johnbean.com\\\/eu-es\\\/careers\\\/\"]}]},{\"@type\":\"ImageObject\",\"inLanguage\":\"en-US\",\"@id\":\"https:\\\/\\\/www.johnbean.com\\\/eu-es\\\/careers\\\/#primaryimage\",\"url\":\"https:\\\/\\\/www.johnbean.com\\\/eu-es\\\/wp-content\\\/uploads\\\/2022\\\/01\\\/Header-2.jpg\",\"contentUrl\":\"https:\\\/\\\/www.johnbean.com\\\/eu-es\\\/wp-content\\\/uploads\\\/2022\\\/01\\\/Header-2.jpg\",\"width\":2170,\"height\":944},{\"@type\":\"BreadcrumbList\",\"@id\":\"https:\\\/\\\/www.johnbean.com\\\/eu-es\\\/careers\\\/#breadcrumb\",\"itemListElement\":[{\"@type\":\"ListItem\",\"position\":1,\"name\":\"Home\",\"item\":\"https:\\\/\\\/www.johnbean.com\\\/eu-es\\\/\"},{\"@type\":\"ListItem\",\"position\":2,\"name\":\"Careers\"}]},{\"@type\":\"WebSite\",\"@id\":\"https:\\\/\\\/www.johnbean.com\\\/eu-es\\\/#website\",\"url\":\"https:\\\/\\\/www.johnbean.com\\\/eu-es\\\/\",\"name\":\"John Bean\",\"description\":\"Pionero en tecnolog\u00eda de alineaci\u00f3n\",\"publisher\":{\"@id\":\"https:\\\/\\\/www.johnbean.com\\\/eu-es\\\/#organization\"},\"potentialAction\":[{\"@type\":\"SearchAction\",\"target\":{\"@type\":\"EntryPoint\",\"urlTemplate\":\"https:\\\/\\\/www.johnbean.com\\\/eu-es\\\/?s={search_term_string}\"},\"query-input\":{\"@type\":\"PropertyValueSpecification\",\"valueRequired\":true,\"valueName\":\"search_term_string\"}}],\"inLanguage\":\"en-US\"},{\"@type\":\"Organization\",\"@id\":\"https:\\\/\\\/www.johnbean.com\\\/eu-es\\\/#organization\",\"name\":\"John Bean\",\"url\":\"https:\\\/\\\/www.johnbean.com\\\/eu-es\\\/\",\"logo\":{\"@type\":\"ImageObject\",\"inLanguage\":\"en-US\",\"@id\":\"https:\\\/\\\/www.johnbean.com\\\/eu-es\\\/#\\\/schema\\\/logo\\\/image\\\/\",\"url\":\"https:\\\/\\\/www.johnbean.com\\\/eu-es\\\/wp-content\\\/uploads\\\/2021\\\/12\\\/cropped-logo.png\",\"contentUrl\":\"https:\\\/\\\/www.johnbean.com\\\/eu-es\\\/wp-content\\\/uploads\\\/2021\\\/12\\\/cropped-logo.png\",\"width\":1000,\"height\":192,\"caption\":\"John Bean\"},\"image\":{\"@id\":\"https:\\\/\\\/www.johnbean.com\\\/eu-es\\\/#\\\/schema\\\/logo\\\/image\\\/\"}}]}<\/script>\n<!-- \/ Yoast SEO plugin. -->","yoast_head_json":{"title":"Careers - John Bean","robots":{"index":"index","follow":"follow","max-snippet":"max-snippet:-1","max-image-preview":"max-image-preview:large","max-video-preview":"max-video-preview:-1"},"canonical":"https:\/\/www.johnbean.com\/eu-es\/careers\/","og_locale":"en_US","og_type":"article","og_title":"Careers - John Bean","og_description":"CARRERAS PROFESIONALES CRECIMIENTO Y OPORTUNIDAD TRABAJA CON NOSOTROS John Bean\u00ae es el proveedor l\u00edder mundial de soluciones de equipos de servicios para autom\u00f3viles y es una de las muchas marcas que Snap-on\u00ae ofrece a los propietarios y encargados de talleres de reparaci\u00f3n. Snap-on es conocida por la calidad de nuestros productos, pero sabemos que es [&hellip;]","og_url":"https:\/\/www.johnbean.com\/eu-es\/careers\/","og_site_name":"John Bean","article_modified_time":"2025-09-29T13:55:01+00:00","og_image":[{"width":2170,"height":944,"url":"https:\/\/www.johnbean.com\/eu-es\/wp-content\/uploads\/2022\/01\/Header-2.jpg","type":"image\/jpeg"}],"twitter_card":"summary_large_image","twitter_misc":{"Est. reading time":"2 minutes"},"schema":{"@context":"https:\/\/schema.org","@graph":[{"@type":"WebPage","@id":"https:\/\/www.johnbean.com\/eu-es\/careers\/","url":"https:\/\/www.johnbean.com\/eu-es\/careers\/","name":"Careers - John Bean","isPartOf":{"@id":"https:\/\/www.johnbean.com\/eu-es\/#website"},"primaryImageOfPage":{"@id":"https:\/\/www.johnbean.com\/eu-es\/careers\/#primaryimage"},"image":{"@id":"https:\/\/www.johnbean.com\/eu-es\/careers\/#primaryimage"},"thumbnailUrl":"https:\/\/www.johnbean.com\/eu-es\/wp-content\/uploads\/2022\/01\/Header-2.jpg","datePublished":"2022-01-05T18:32:49+00:00","dateModified":"2025-09-29T13:55:01+00:00","breadcrumb":{"@id":"https:\/\/www.johnbean.com\/eu-es\/careers\/#breadcrumb"},"inLanguage":"en-US","potentialAction":[{"@type":"ReadAction","target":["https:\/\/www.johnbean.com\/eu-es\/careers\/"]}]},{"@type":"ImageObject","inLanguage":"en-US","@id":"https:\/\/www.johnbean.com\/eu-es\/careers\/#primaryimage","url":"https:\/\/www.johnbean.com\/eu-es\/wp-content\/uploads\/2022\/01\/Header-2.jpg","contentUrl":"https:\/\/www.johnbean.com\/eu-es\/wp-content\/uploads\/2022\/01\/Header-2.jpg","width":2170,"height":944},{"@type":"BreadcrumbList","@id":"https:\/\/www.johnbean.com\/eu-es\/careers\/#breadcrumb","itemListElement":[{"@type":"ListItem","position":1,"name":"Home","item":"https:\/\/www.johnbean.com\/eu-es\/"},{"@type":"ListItem","position":2,"name":"Careers"}]},{"@type":"WebSite","@id":"https:\/\/www.johnbean.com\/eu-es\/#website","url":"https:\/\/www.johnbean.com\/eu-es\/","name":"John Bean","description":"Pionero en tecnolog\u00eda de alineaci\u00f3n","publisher":{"@id":"https:\/\/www.johnbean.com\/eu-es\/#organization"},"potentialAction":[{"@type":"SearchAction","target":{"@type":"EntryPoint","urlTemplate":"https:\/\/www.johnbean.com\/eu-es\/?s={search_term_string}"},"query-input":{"@type":"PropertyValueSpecification","valueRequired":true,"valueName":"search_term_string"}}],"inLanguage":"en-US"},{"@type":"Organization","@id":"https:\/\/www.johnbean.com\/eu-es\/#organization","name":"John Bean","url":"https:\/\/www.johnbean.com\/eu-es\/","logo":{"@type":"ImageObject","inLanguage":"en-US","@id":"https:\/\/www.johnbean.com\/eu-es\/#\/schema\/logo\/image\/","url":"https:\/\/www.johnbean.com\/eu-es\/wp-content\/uploads\/2021\/12\/cropped-logo.png","contentUrl":"https:\/\/www.johnbean.com\/eu-es\/wp-content\/uploads\/2021\/12\/cropped-logo.png","width":1000,"height":192,"caption":"John Bean"},"image":{"@id":"https:\/\/www.johnbean.com\/eu-es\/#\/schema\/logo\/image\/"}}]}},"_links":{"self":[{"href":"https:\/\/www.johnbean.com\/eu-es\/wp-json\/wp\/v2\/pages\/617","targetHints":{"allow":["GET"]}}],"collection":[{"href":"https:\/\/www.johnbean.com\/eu-es\/wp-json\/wp\/v2\/pages"}],"about":[{"href":"https:\/\/www.johnbean.com\/eu-es\/wp-json\/wp\/v2\/types\/page"}],"author":[{"embeddable":true,"href":"https:\/\/www.johnbean.com\/eu-es\/wp-json\/wp\/v2\/users\/1"}],"replies":[{"embeddable":true,"href":"https:\/\/www.johnbean.com\/eu-es\/wp-json\/wp\/v2\/comments?post=617"}],"version-history":[{"count":15,"href":"https:\/\/www.johnbean.com\/eu-es\/wp-json\/wp\/v2\/pages\/617\/revisions"}],"predecessor-version":[{"id":21756,"href":"https:\/\/www.johnbean.com\/eu-es\/wp-json\/wp\/v2\/pages\/617\/revisions\/21756"}],"wp:attachment":[{"href":"https:\/\/www.johnbean.com\/eu-es\/wp-json\/wp\/v2\/media?parent=617"}],"curies":[{"name":"wp","href":"https:\/\/api.w.org\/{rel}","templated":true}]}}