{"id":653,"date":"2022-01-05T18:59:05","date_gmt":"2022-01-05T18:59:05","guid":{"rendered":"https:\/\/www.johnbean.com\/eu-fr\/?page_id=653"},"modified":"2022-12-01T17:34:52","modified_gmt":"2022-12-01T17:34:52","slug":"contact-us","status":"publish","type":"page","link":"https:\/\/www.johnbean.com\/eu-fr\/contact-us\/","title":{"rendered":"Contact Us"},"content":{"rendered":"\t\t<div data-elementor-type=\"wp-page\" data-elementor-id=\"653\" class=\"elementor elementor-653\" data-elementor-post-type=\"page\">\n\t\t\t\t\t\t<section class=\"elementor-section elementor-top-section elementor-element elementor-element-c57f792 elementor-section-full_width elementor-section-height-default elementor-section-height-default\" data-id=\"c57f792\" data-element_type=\"section\" data-e-type=\"section\" data-settings=\"{&quot;background_background&quot;:&quot;classic&quot;}\">\n\t\t\t\t\t\t<div class=\"elementor-container elementor-column-gap-default\">\n\t\t\t\t\t<div class=\"elementor-column elementor-col-100 elementor-top-column elementor-element elementor-element-b5f77e4\" data-id=\"b5f77e4\" data-element_type=\"column\" data-e-type=\"column\">\n\t\t\t<div class=\"elementor-widget-wrap elementor-element-populated\">\n\t\t\t\t\t\t<div class=\"elementor-element elementor-element-83f77ab elementor-widget elementor-widget-heading\" data-id=\"83f77ab\" data-element_type=\"widget\" data-e-type=\"widget\" data-widget_type=\"heading.default\">\n\t\t\t\t<div class=\"elementor-widget-container\">\n\t\t\t\t\t<h2 class=\"elementor-heading-title elementor-size-default\">CONTACTEZ-NOUS<\/h2>\t\t\t\t<\/div>\n\t\t\t\t<\/div>\n\t\t\t\t<div class=\"elementor-element elementor-element-bcfb6f4 elementor-widget elementor-widget-text-editor\" data-id=\"bcfb6f4\" data-element_type=\"widget\" data-e-type=\"widget\" data-widget_type=\"text-editor.default\">\n\t\t\t\t<div class=\"elementor-widget-container\">\n\t\t\t\t\t\t\t\t\t<p>NOUS PRENDRONS CONTACT AVEC VOUS SOUS PEU<\/p>\t\t\t\t\t\t\t\t<\/div>\n\t\t\t\t<\/div>\n\t\t\t\t\t<\/div>\n\t\t<\/div>\n\t\t\t\t\t<\/div>\n\t\t<\/section>\n\t\t\t\t<section class=\"elementor-section elementor-top-section elementor-element elementor-element-3d5c4fe elementor-section-full_width elementor-section-height-default elementor-section-height-default\" data-id=\"3d5c4fe\" data-element_type=\"section\" data-e-type=\"section\">\n\t\t\t\t\t\t<div class=\"elementor-container elementor-column-gap-default\">\n\t\t\t\t\t<div class=\"elementor-column elementor-col-100 elementor-top-column elementor-element elementor-element-ec778ce\" data-id=\"ec778ce\" data-element_type=\"column\" data-e-type=\"column\">\n\t\t\t<div class=\"elementor-widget-wrap elementor-element-populated\">\n\t\t\t\t\t\t<div class=\"elementor-element elementor-element-8d4a10b elementor-widget elementor-widget-heading\" data-id=\"8d4a10b\" data-element_type=\"widget\" data-e-type=\"widget\" data-widget_type=\"heading.default\">\n\t\t\t\t<div class=\"elementor-widget-container\">\n\t\t\t\t\t<h2 class=\"elementor-heading-title elementor-size-default\">EUROPEAN HEADQUARTERS<\/h2>\t\t\t\t<\/div>\n\t\t\t\t<\/div>\n\t\t\t\t<div class=\"elementor-element elementor-element-2dc1872 elementor-widget-divider--view-line elementor-widget elementor-widget-divider\" data-id=\"2dc1872\" data-element_type=\"widget\" data-e-type=\"widget\" data-widget_type=\"divider.default\">\n\t\t\t\t<div class=\"elementor-widget-container\">\n\t\t\t\t\t\t\t<div class=\"elementor-divider\">\n\t\t\t<span class=\"elementor-divider-separator\">\n\t\t\t\t\t\t<\/span>\n\t\t<\/div>\n\t\t\t\t\t\t<\/div>\n\t\t\t\t<\/div>\n\t\t\t\t<div class=\"elementor-element elementor-element-1cc5cc3 elementor-widget elementor-widget-text-editor\" data-id=\"1cc5cc3\" data-element_type=\"widget\" data-e-type=\"widget\" data-widget_type=\"text-editor.default\">\n\t\t\t\t<div class=\"elementor-widget-container\">\n\t\t\t\t\t\t\t\t\t<p>Snap-on Equipment France &#8211; ZAC de la Butte aux Bergers 1,<br \/>Avenue du Noyer \u00e0 la Malice<br \/>95380 Louvres<br \/>Tel: +33 134 48 58-78<\/p>\t\t\t\t\t\t\t\t<\/div>\n\t\t\t\t<\/div>\n\t\t\t\t<div class=\"elementor-element elementor-element-c1c4eec elementor-widget elementor-widget-heading\" data-id=\"c1c4eec\" data-element_type=\"widget\" data-e-type=\"widget\" data-widget_type=\"heading.default\">\n\t\t\t\t<div class=\"elementor-widget-container\">\n\t\t\t\t\t<h2 class=\"elementor-heading-title elementor-size-default\">VOTRE DEMANDE<\/h2>\t\t\t\t<\/div>\n\t\t\t\t<\/div>\n\t\t\t\t<div class=\"elementor-element elementor-element-76fb853 elementor-widget elementor-widget-text-editor\" data-id=\"76fb853\" data-element_type=\"widget\" data-e-type=\"widget\" data-widget_type=\"text-editor.default\">\n\t\t\t\t<div class=\"elementor-widget-container\">\n\t\t\t\t\t\t\t\t\t<p>Les champs marqu\u00e9s d&#8217;un * sont des champs obligatoires.<\/p>\t\t\t\t\t\t\t\t<\/div>\n\t\t\t\t<\/div>\n\t\t\t\t\t<\/div>\n\t\t<\/div>\n\t\t\t\t\t<\/div>\n\t\t<\/section>\n\t\t\t\t<section class=\"elementor-section elementor-top-section elementor-element elementor-element-9dd61d0 elementor-section-boxed elementor-section-height-default elementor-section-height-default\" data-id=\"9dd61d0\" data-element_type=\"section\" data-e-type=\"section\">\n\t\t\t\t\t\t<div class=\"elementor-container elementor-column-gap-default\">\n\t\t\t\t\t<div class=\"elementor-column elementor-col-100 elementor-top-column elementor-element elementor-element-033d971\" data-id=\"033d971\" data-element_type=\"column\" data-e-type=\"column\">\n\t\t\t<div class=\"elementor-widget-wrap elementor-element-populated\">\n\t\t\t\t\t\t<div class=\"elementor-element elementor-element-1160286 elementor-widget elementor-widget-shortcode\" data-id=\"1160286\" data-element_type=\"widget\" data-e-type=\"widget\" data-widget_type=\"shortcode.default\">\n\t\t\t\t<div class=\"elementor-widget-container\">\n\t\t\t\t\t\r\n<style>\r\ninput[type=\"text\"].formtextfield,select.formselectfield,textarea.formtextarea {\r\n\tdisplay: inline-block;\r\n    width: 100%;\r\n    height: 40px;\r\n    padding: 9px 10px;\r\n\tmargin-bottom:10px;\r\n    font-family: Roboto;\r\n    font-size: 16px;\r\n    font-weight: normal;\r\n    line-height: 22px;\r\n    color: #33475b;\r\n\tbackground-color: #ffffff;\r\n    border: 1px solid #cbd6e2;\r\n    box-sizing: border-box;\r\n    -webkit-border-radius: 3px;\r\n    -moz-border-radius: 3px;\r\n    -ms-border-radius: 3px;\r\n    border-radius: 3px;\r\n}\r\ntextarea.formtextarea {\r\n    height: 80px;\r\n}\r\n.star {\r\n\tcolor:red;\r\n}\r\ninput[type=submit] {\r\n\twidth:100%;\r\n    padding: 10px 15px;\r\n    min-height: 27px;\r\n\tbackground: #e71030;\r\n    border-color: #e71030;\r\n    color: #ffffff;\r\n    font-size: 16px;\r\n    line-height: 16px;\r\n    font-family: Roboto;\r\n}\r\ninput[type=submit]:hover {\r\n\tcursor:pointer;\r\n}\r\ninput[type=checkbox] {\r\n\tmargin-bottom:10px;\r\n}\r\n.disclaimer {\r\n    font-size: 12px;\r\n    padding: 15px 0;\r\n}\r\n.formfieldlabel {\r\n\tcolor:#000000;\r\n}\r\n.error {\r\n    border: 1px solid red;\r\n}\r\n.error-message {\r\n    color: red;\r\n    font-size: 0.8em;\r\n}\r\n<\/style>\r\n<script src=\"https:\/\/www.google.com\/recaptcha\/api.js\"><\/script>\r\n\t<form method=\"post\" id=\"contactform\">\r\n\t\t<input type=\"hidden\" name=\"wwd\" value=\"send\">\r\n\t\t<input type=\"hidden\" name=\"wwdit\" value=\"1776610920\">\r\n\t\t<input type=\"hidden\" name=\"utm_campaign\" value=\"\">\r\n\t\t<input type=\"hidden\" name=\"utm_content\" value=\"\">\r\n\t\t<input type=\"hidden\" name=\"utm_medium\" value=\"\">\r\n\t\t<input type=\"hidden\" name=\"utm_source\" value=\"\">\r\n\t\t<input type=\"hidden\" name=\"utm_term\" value=\"\">\r\n\t\t<div class=\"formfield\">\r\n\t\t\t<label for=\"firstname\" class=\"formfieldlabel\">Pr\u00e9nom<span class=\"star\">*<\/span><\/label> \r\n\t\t\t<input type=\"text\" name=\"firstname\" id=\"firstname\" class=\"formtextfield\" required>\r\n\t\t<\/div>\r\n\t\t<div class=\"formfield\">\r\n\t\t\t<label for=\"lastname\" class=\"formfieldlabel\">Nom<span class=\"star\">*<\/span><\/label> \r\n\t\t\t<input type=\"text\" name=\"lastname\" id=\"lastname\" class=\"formtextfield\" required>\r\n\t\t<\/div>\r\n\t\t<div class=\"formfield\">\r\n\t\t\t<label for=\"company\" class=\"formfieldlabel\">Nom de l'entreprise<span class=\"star\">*<\/span><\/label> \r\n\t\t\t<input type=\"text\" name=\"company\" id=\"company\" class=\"formtextfield\" required>\r\n\t\t<\/div>\r\n\t\t<div class=\"formfield\">\r\n\t\t\t<label for=\"address\" class=\"formfieldlabel\">Adresse postale<span class=\"star\">*<\/span><\/label> \r\n\t\t\t<input type=\"text\" name=\"address\" id=\"address\" class=\"formtextfield\" required>\r\n\t\t<\/div>\r\n\t\t<div class=\"formfield\">\r\n\t\t\t<label for=\"city\" class=\"formfieldlabel\">Ville<span class=\"star\">*<\/span><\/label> \r\n\t\t\t<input type=\"text\" name=\"city\" id=\"city\" class=\"formtextfield\" required>\r\n\t\t<\/div>\r\n\t\t<div class=\"formfield\">\r\n\t\t\t<label for=\"state\" class=\"formfieldlabel\">\u00c9tat\/R\u00e9gion<span class=\"star\">*<\/span><\/label> \r\n\t\t\t<input type=\"text\" name=\"state\" id=\"state\" class=\"formtextfield\" required>\r\n\t\t<\/div>\r\n\t\t<div class=\"formfield\">\r\n\t\t\t<label for=\"zip\" class=\"formfieldlabel\">Code Postal<span class=\"star\">*<\/span><\/label> \r\n\t\t\t<input type=\"text\" name=\"zip\" id=\"zip\" class=\"formtextfield\" maxLength=\"5\" required>\r\n\t\t<\/div>\r\n\t\t<div class=\"formfield\">\r\n\t\t\t<label for=\"email\" class=\"formfieldlabel\">E-mail<span class=\"star\">*<\/span><\/label> \r\n\t\t\t<input type=\"text\" name=\"email\" id=\"email\" class=\"formtextfield\" required>\r\n\t\t<\/div>\r\n\t\t<div class=\"formfield\">\r\n\t\t\t<label for=\"phone\" class=\"formfieldlabel\">Num\u00e9ro de t\u00e9l\u00e9phone<span class=\"star\">*<\/span><\/label> \r\n\t\t\t<input type=\"text\" name=\"phone\" id=\"phone\" class=\"formtextfield\" required>\r\n\t\t<\/div>\r\n\t\t<div class=\"formfield\">\r\n\t\t\t<label for=\"looking_for\" class=\"formfieldlabel\">\u00c0 la Recherche de<span class=\"star\">*<\/span><\/label> \r\n\t\t\t<select name=\"looking_for\" id=\"looking_for\" class=\"formselectfield\" required>\r\n\t\t\t\t<option value=\"\">Veuillez S\u00e9lectionner<\/option>\r\n\t\t\t\t<option value=\"Customer Support\">Service client<\/option>\r\n\t\t\t\t<option value=\"Parts\">Les Pi\u00e8ces<\/option>\r\n\t\t\t\t<option value=\"Pricing\">Tarifs<\/option>\r\n\t\t\t\t<option value=\"Product Manuals\">Manuels de Produits<\/option>\r\n\t\t\t\t<option value=\"Sales\">Ventes<\/option>\r\n\t\t\t\t<option value=\"Service\">Service<\/option>\r\n\t\t\t\t<option value=\"Training\">Entra\u00eenement<\/option>\r\n\t\t\t<\/select>\r\n\t\t<\/div>\r\n\t\t<div class=\"formfield\">\r\n\t\t\t<label for=\"product_line\" class=\"formfieldlabel\">Product Line<\/label> \r\n\t\t\t<select name=\"product_line\" id=\"product_line\" class=\"formselectfield\">\r\n\t\t\t\t<option value=\"\">Veuillez S\u00e9lectionner<\/option>\r\n\t\t\t\t<option value=\"Wheel Aligners\" >Appareil de g\u00e9om\u00e9trie<\/option>\r\n\t\t\t\t<option value=\"Wheel Balancers\" >\u00c9quilibreuses de roues<\/option>\r\n\t\t\t\t<option value=\"Tire Changers\" >D\u00e9montes pneus<\/option>\r\n\t\t\t\t<option value=\"Lifts\" >Ponts \u00e9l\u00e9vateurs<\/option>\r\n\t\t\t\t<option value=\"ADAS Calibration\" >ADAS Calibration<\/option>\r\n\t\t\t\t<option value=\"More Solutions\" >Plus de solutions<\/option>\r\n\t\t\t<\/select>\r\n\t\t<\/div>\r\n\t\t<div class=\"formfield\">\r\n\t\t\t<label for=\"message\" class=\"formfieldlabel\">Message<\/label> \r\n\t\t\t<textarea name=\"message\" id=\"message\" class=\"formtextarea\"><\/textarea>\r\n\t\t<\/div>\r\n\t\t<div class=\"formfield\">\r\n\t\t\t<label for=\"acceptbox\" class=\"formfieldlabel\"><input type=\"checkbox\" name=\"acceptbox\" value=\"Yes\" id=\"acceptbox\" required>Je suis d'accord avec la <a href=\"https:\/\/www.johnbean.com\/eu-fr\/politique-de-confidentialite\/\" target=\"_blank\">politique de confidentialit\u00e9<\/a><span class=\"star\">*<\/span><\/label> \r\n\t\t<\/div>\r\n\t\t<div class=\"formfield\">\r\n\t\t\t<input type=\"submit\" value=\"Soumettre\" class=\"g-recaptcha\" data-sitekey=\"6LdyBvwqAAAAAMRNDqHXJzvk1bqKcefM1AoYLFZG\" data-callback='onSubmit' data-action='submit'>\r\n\t\t<\/div>\r\n\t\t<div class=\"disclaimer\">* Chez John Bean, nous nous engageons \u00e0 respecter votre vie priv\u00e9e. Vos informations seront utilis\u00e9es pour fournir un contenu pertinent concernant nos produits et services. Pour en savoir plus sur la mani\u00e8re dont nous utilisons les donn\u00e9es personnelles, consultez notre <a href=\"https:\/\/www.johnbean.com\/eu-fr\/politique-de-confidentialite\/\" target=\"_blank\">politique de confidentialit\u00e9.<\/a><\/div>\r\n\t<\/form>\r\n <script>\r\n   function onSubmit(token) {\r\n\tlet isValid = true;\r\n\tlet firstErrorElement = null;\r\n\r\n  const requiredFields = new Array(\"firstname\",\"lastname\",\"company\",\"acceptbox\",\"address\",\"city\",\"state\",\"zip\",\"phone\",\"looking_for\",);\r\n  for (let i = 0; i < requiredFields.length; i++) {\r\n\t  const requiredField = document.getElementById(requiredFields[i]);\r\n\t  if (requiredField.value.trim() === '') {\r\n\t\tdisplayError(requiredField, 'Required');\r\n\t\tisValid = false;\r\n\t\t  if (!firstErrorElement) {\r\n\t\t\tfirstErrorElement = requiredField;\r\n\t\t  }\r\n\t  } else {\r\n\t\tclearError(requiredField);\r\n\t  }\r\n  }\r\n\r\n  \/\/ Validate email field\r\n  const emailField = document.getElementById('email');\r\n  if (!isValidEmail(emailField.value)) {\r\n    displayError(emailField, 'Invalid email format');\r\n    isValid = false;\r\n  } else {\r\n      clearError(emailField);\r\n  }\r\n  \r\n  \tconst privacyCheckbox = document.getElementById(\"acceptbox\");\r\n\tif (!privacyCheckbox.checked) {\r\n\t\tdisplayError(privacyCheckbox, \"You must agree to the privacy policy\");\r\n\t\tisValid = false;\r\n\t\tif (!firstErrorElement) {\r\n\t\t\tfirstErrorElement = privacyCheckbox;\r\n\t\t}\r\n\t} else {\r\n\t\tclearError(privacyCheckbox);\r\n\t}\r\n\r\n  \/\/ Prevent submission if any field is invalid\r\n  if (!isValid) {\r\n    event.preventDefault();\r\n  } else {\r\n     document.getElementById(\"contactform\").submit();\r\n  }\r\n\r\nfunction isValidEmail(email) {\r\n  const emailRegex = \/^[^\\s@]+@[^\\s@]+\\.[^\\s@]+$\/;\r\n  return emailRegex.test(email);\r\n}\r\n\r\nfunction displayError(field, message) {\r\n    field.classList.add('error');\r\n    let errorElement = document.getElementById(field.id + 'Error');\r\n    if (!errorElement) {\r\n        errorElement = document.createElement('div');\r\n        errorElement.id = field.id + 'Error';\r\n        errorElement.classList.add('error-message');\r\n        field.parentNode.insertBefore(errorElement, field.nextSibling);\r\n    }\r\n    errorElement.textContent = message;\r\n}\r\n\r\nfunction clearError(field) {\r\n    field.classList.remove('error');\r\n    let errorElement = document.getElementById(field.id + 'Error');\r\n    if (errorElement) {\r\n        errorElement.remove();\r\n    }\r\n}\r\n  if (!isValid && firstErrorElement) {\r\n    firstErrorElement.scrollIntoView({ behavior: \"smooth\", block: \"center\" });\r\n    firstErrorElement.focus();\r\n  }\r\n   }\r\n <\/script>\r\n\t\t<div class=\"elementor-shortcode\"><\/div>\n\t\t\t\t\t\t<\/div>\n\t\t\t\t<\/div>\n\t\t\t\t\t<\/div>\n\t\t<\/div>\n\t\t\t\t\t<\/div>\n\t\t<\/section>\n\t\t\t\t<\/div>\n\t\t","protected":false},"excerpt":{"rendered":"<p>CONTACTEZ-NOUS NOUS PRENDRONS CONTACT AVEC VOUS SOUS PEU EUROPEAN HEADQUARTERS Snap-on Equipment France &#8211; ZAC de la Butte aux Bergers 1,Avenue du Noyer \u00e0 la Malice95380 LouvresTel: +33 134 48 58-78 VOTRE DEMANDE Les champs marqu\u00e9s d&#8217;un * sont des champs obligatoires.<\/p>\n","protected":false},"author":1,"featured_media":0,"parent":0,"menu_order":0,"comment_status":"closed","ping_status":"closed","template":"","meta":{"_acf_changed":false,"ocean_post_layout":"full-screen","ocean_both_sidebars_style":"","ocean_both_sidebars_content_width":0,"ocean_both_sidebars_sidebars_width":0,"ocean_sidebar":"0","ocean_second_sidebar":"0","ocean_disable_margins":"on","ocean_add_body_class":"","ocean_shortcode_before_top_bar":"","ocean_shortcode_after_top_bar":"","ocean_shortcode_before_header":"","ocean_shortcode_after_header":"","ocean_has_shortcode":"","ocean_shortcode_after_title":"","ocean_shortcode_before_footer_widgets":"","ocean_shortcode_after_footer_widgets":"","ocean_shortcode_before_footer_bottom":"","ocean_shortcode_after_footer_bottom":"","ocean_display_top_bar":"off","ocean_display_header":"default","ocean_header_style":"minimal","ocean_center_header_left_menu":"0","ocean_custom_header_template":"0","ocean_custom_logo":0,"ocean_custom_retina_logo":0,"ocean_custom_logo_max_width":0,"ocean_custom_logo_tablet_max_width":0,"ocean_custom_logo_mobile_max_width":0,"ocean_custom_logo_max_height":0,"ocean_custom_logo_tablet_max_height":0,"ocean_custom_logo_mobile_max_height":0,"ocean_header_custom_menu":"0","ocean_menu_typo_font_family":"0","ocean_menu_typo_font_subset":"","ocean_menu_typo_font_size":0,"ocean_menu_typo_font_size_tablet":0,"ocean_menu_typo_font_size_mobile":0,"ocean_menu_typo_font_size_unit":"px","ocean_menu_typo_font_weight":"","ocean_menu_typo_font_weight_tablet":"","ocean_menu_typo_font_weight_mobile":"","ocean_menu_typo_transform":"","ocean_menu_typo_transform_tablet":"","ocean_menu_typo_transform_mobile":"","ocean_menu_typo_line_height":0,"ocean_menu_typo_line_height_tablet":0,"ocean_menu_typo_line_height_mobile":0,"ocean_menu_typo_line_height_unit":"","ocean_menu_typo_spacing":0,"ocean_menu_typo_spacing_tablet":0,"ocean_menu_typo_spacing_mobile":0,"ocean_menu_typo_spacing_unit":"","ocean_menu_link_color":"","ocean_menu_link_color_hover":"","ocean_menu_link_color_active":"","ocean_menu_link_background":"","ocean_menu_link_hover_background":"","ocean_menu_link_active_background":"","ocean_menu_social_links_bg":"","ocean_menu_social_hover_links_bg":"","ocean_menu_social_links_color":"","ocean_menu_social_hover_links_color":"","ocean_disable_title":"on","ocean_disable_heading":"default","ocean_post_title":"","ocean_post_subheading":"","ocean_post_title_style":"","ocean_post_title_background_color":"","ocean_post_title_background":0,"ocean_post_title_bg_image_position":"","ocean_post_title_bg_image_attachment":"","ocean_post_title_bg_image_repeat":"","ocean_post_title_bg_image_size":"","ocean_post_title_height":0,"ocean_post_title_bg_overlay":0.5,"ocean_post_title_bg_overlay_color":"","ocean_disable_breadcrumbs":"default","ocean_breadcrumbs_color":"","ocean_breadcrumbs_separator_color":"","ocean_breadcrumbs_links_color":"","ocean_breadcrumbs_links_hover_color":"","ocean_display_footer_widgets":"default","ocean_display_footer_bottom":"default","ocean_custom_footer_template":"0","footnotes":""},"class_list":["post-653","page","type-page","status-publish","hentry","entry"],"acf":[],"yoast_head":"<!-- This site is optimized with the Yoast SEO plugin v27.3 - https:\/\/yoast.com\/product\/yoast-seo-wordpress\/ -->\n<title>Contact Us - John Bean<\/title>\n<meta name=\"robots\" content=\"index, follow, max-snippet:-1, max-image-preview:large, max-video-preview:-1\" \/>\n<link rel=\"canonical\" href=\"https:\/\/www.johnbean.com\/eu-fr\/contact-us\/\" \/>\n<meta property=\"og:locale\" content=\"en_US\" \/>\n<meta property=\"og:type\" content=\"article\" \/>\n<meta property=\"og:title\" content=\"Contact Us - John Bean\" \/>\n<meta property=\"og:description\" content=\"CONTACTEZ-NOUS NOUS PRENDRONS CONTACT AVEC VOUS SOUS PEU EUROPEAN HEADQUARTERS Snap-on Equipment France &#8211; ZAC de la Butte aux Bergers 1,Avenue du Noyer \u00e0 la Malice95380 LouvresTel: +33 134 48 58-78 VOTRE DEMANDE Les champs marqu\u00e9s d&#8217;un * sont des champs obligatoires.\" \/>\n<meta property=\"og:url\" content=\"https:\/\/www.johnbean.com\/eu-fr\/contact-us\/\" \/>\n<meta property=\"og:site_name\" content=\"John Bean\" \/>\n<meta property=\"article:modified_time\" content=\"2022-12-01T17:34:52+00:00\" \/>\n<meta name=\"twitter:card\" content=\"summary_large_image\" \/>\n<meta name=\"twitter:label1\" content=\"Est. reading time\" \/>\n\t<meta name=\"twitter:data1\" content=\"1 minute\" \/>\n<script type=\"application\/ld+json\" class=\"yoast-schema-graph\">{\"@context\":\"https:\\\/\\\/schema.org\",\"@graph\":[{\"@type\":\"WebPage\",\"@id\":\"https:\\\/\\\/www.johnbean.com\\\/eu-fr\\\/contact-us\\\/\",\"url\":\"https:\\\/\\\/www.johnbean.com\\\/eu-fr\\\/contact-us\\\/\",\"name\":\"Contact Us - John Bean\",\"isPartOf\":{\"@id\":\"https:\\\/\\\/www.johnbean.com\\\/eu-fr\\\/#website\"},\"datePublished\":\"2022-01-05T18:59:05+00:00\",\"dateModified\":\"2022-12-01T17:34:52+00:00\",\"breadcrumb\":{\"@id\":\"https:\\\/\\\/www.johnbean.com\\\/eu-fr\\\/contact-us\\\/#breadcrumb\"},\"inLanguage\":\"en-US\",\"potentialAction\":[{\"@type\":\"ReadAction\",\"target\":[\"https:\\\/\\\/www.johnbean.com\\\/eu-fr\\\/contact-us\\\/\"]}]},{\"@type\":\"BreadcrumbList\",\"@id\":\"https:\\\/\\\/www.johnbean.com\\\/eu-fr\\\/contact-us\\\/#breadcrumb\",\"itemListElement\":[{\"@type\":\"ListItem\",\"position\":1,\"name\":\"Home\",\"item\":\"https:\\\/\\\/www.johnbean.com\\\/eu-fr\\\/\"},{\"@type\":\"ListItem\",\"position\":2,\"name\":\"Contact Us\"}]},{\"@type\":\"WebSite\",\"@id\":\"https:\\\/\\\/www.johnbean.com\\\/eu-fr\\\/#website\",\"url\":\"https:\\\/\\\/www.johnbean.com\\\/eu-fr\\\/\",\"name\":\"John Bean\",\"description\":\"Pionniers de la technologie d&#039;alignement\",\"publisher\":{\"@id\":\"https:\\\/\\\/www.johnbean.com\\\/eu-fr\\\/#organization\"},\"potentialAction\":[{\"@type\":\"SearchAction\",\"target\":{\"@type\":\"EntryPoint\",\"urlTemplate\":\"https:\\\/\\\/www.johnbean.com\\\/eu-fr\\\/?s={search_term_string}\"},\"query-input\":{\"@type\":\"PropertyValueSpecification\",\"valueRequired\":true,\"valueName\":\"search_term_string\"}}],\"inLanguage\":\"en-US\"},{\"@type\":\"Organization\",\"@id\":\"https:\\\/\\\/www.johnbean.com\\\/eu-fr\\\/#organization\",\"name\":\"John Bean\",\"url\":\"https:\\\/\\\/www.johnbean.com\\\/eu-fr\\\/\",\"logo\":{\"@type\":\"ImageObject\",\"inLanguage\":\"en-US\",\"@id\":\"https:\\\/\\\/www.johnbean.com\\\/eu-fr\\\/#\\\/schema\\\/logo\\\/image\\\/\",\"url\":\"https:\\\/\\\/www.johnbean.com\\\/eu-fr\\\/wp-content\\\/uploads\\\/2021\\\/12\\\/cropped-logo.png\",\"contentUrl\":\"https:\\\/\\\/www.johnbean.com\\\/eu-fr\\\/wp-content\\\/uploads\\\/2021\\\/12\\\/cropped-logo.png\",\"width\":1000,\"height\":192,\"caption\":\"John Bean\"},\"image\":{\"@id\":\"https:\\\/\\\/www.johnbean.com\\\/eu-fr\\\/#\\\/schema\\\/logo\\\/image\\\/\"}}]}<\/script>\n<!-- \/ Yoast SEO plugin. -->","yoast_head_json":{"title":"Contact Us - John Bean","robots":{"index":"index","follow":"follow","max-snippet":"max-snippet:-1","max-image-preview":"max-image-preview:large","max-video-preview":"max-video-preview:-1"},"canonical":"https:\/\/www.johnbean.com\/eu-fr\/contact-us\/","og_locale":"en_US","og_type":"article","og_title":"Contact Us - John Bean","og_description":"CONTACTEZ-NOUS NOUS PRENDRONS CONTACT AVEC VOUS SOUS PEU EUROPEAN HEADQUARTERS Snap-on Equipment France &#8211; ZAC de la Butte aux Bergers 1,Avenue du Noyer \u00e0 la Malice95380 LouvresTel: +33 134 48 58-78 VOTRE DEMANDE Les champs marqu\u00e9s d&#8217;un * sont des champs obligatoires.","og_url":"https:\/\/www.johnbean.com\/eu-fr\/contact-us\/","og_site_name":"John Bean","article_modified_time":"2022-12-01T17:34:52+00:00","twitter_card":"summary_large_image","twitter_misc":{"Est. reading time":"1 minute"},"schema":{"@context":"https:\/\/schema.org","@graph":[{"@type":"WebPage","@id":"https:\/\/www.johnbean.com\/eu-fr\/contact-us\/","url":"https:\/\/www.johnbean.com\/eu-fr\/contact-us\/","name":"Contact Us - John Bean","isPartOf":{"@id":"https:\/\/www.johnbean.com\/eu-fr\/#website"},"datePublished":"2022-01-05T18:59:05+00:00","dateModified":"2022-12-01T17:34:52+00:00","breadcrumb":{"@id":"https:\/\/www.johnbean.com\/eu-fr\/contact-us\/#breadcrumb"},"inLanguage":"en-US","potentialAction":[{"@type":"ReadAction","target":["https:\/\/www.johnbean.com\/eu-fr\/contact-us\/"]}]},{"@type":"BreadcrumbList","@id":"https:\/\/www.johnbean.com\/eu-fr\/contact-us\/#breadcrumb","itemListElement":[{"@type":"ListItem","position":1,"name":"Home","item":"https:\/\/www.johnbean.com\/eu-fr\/"},{"@type":"ListItem","position":2,"name":"Contact Us"}]},{"@type":"WebSite","@id":"https:\/\/www.johnbean.com\/eu-fr\/#website","url":"https:\/\/www.johnbean.com\/eu-fr\/","name":"John Bean","description":"Pionniers de la technologie d&#039;alignement","publisher":{"@id":"https:\/\/www.johnbean.com\/eu-fr\/#organization"},"potentialAction":[{"@type":"SearchAction","target":{"@type":"EntryPoint","urlTemplate":"https:\/\/www.johnbean.com\/eu-fr\/?s={search_term_string}"},"query-input":{"@type":"PropertyValueSpecification","valueRequired":true,"valueName":"search_term_string"}}],"inLanguage":"en-US"},{"@type":"Organization","@id":"https:\/\/www.johnbean.com\/eu-fr\/#organization","name":"John Bean","url":"https:\/\/www.johnbean.com\/eu-fr\/","logo":{"@type":"ImageObject","inLanguage":"en-US","@id":"https:\/\/www.johnbean.com\/eu-fr\/#\/schema\/logo\/image\/","url":"https:\/\/www.johnbean.com\/eu-fr\/wp-content\/uploads\/2021\/12\/cropped-logo.png","contentUrl":"https:\/\/www.johnbean.com\/eu-fr\/wp-content\/uploads\/2021\/12\/cropped-logo.png","width":1000,"height":192,"caption":"John Bean"},"image":{"@id":"https:\/\/www.johnbean.com\/eu-fr\/#\/schema\/logo\/image\/"}}]}},"_links":{"self":[{"href":"https:\/\/www.johnbean.com\/eu-fr\/wp-json\/wp\/v2\/pages\/653","targetHints":{"allow":["GET"]}}],"collection":[{"href":"https:\/\/www.johnbean.com\/eu-fr\/wp-json\/wp\/v2\/pages"}],"about":[{"href":"https:\/\/www.johnbean.com\/eu-fr\/wp-json\/wp\/v2\/types\/page"}],"author":[{"embeddable":true,"href":"https:\/\/www.johnbean.com\/eu-fr\/wp-json\/wp\/v2\/users\/1"}],"replies":[{"embeddable":true,"href":"https:\/\/www.johnbean.com\/eu-fr\/wp-json\/wp\/v2\/comments?post=653"}],"version-history":[{"count":33,"href":"https:\/\/www.johnbean.com\/eu-fr\/wp-json\/wp\/v2\/pages\/653\/revisions"}],"predecessor-version":[{"id":21428,"href":"https:\/\/www.johnbean.com\/eu-fr\/wp-json\/wp\/v2\/pages\/653\/revisions\/21428"}],"wp:attachment":[{"href":"https:\/\/www.johnbean.com\/eu-fr\/wp-json\/wp\/v2\/media?parent=653"}],"curies":[{"name":"wp","href":"https:\/\/api.w.org\/{rel}","templated":true}]}}