{"id":617,"date":"2022-01-05T18:32:49","date_gmt":"2022-01-05T18:32:49","guid":{"rendered":"https:\/\/www.johnbean.com\/la-es\/?page_id=617"},"modified":"2022-08-17T18:36:02","modified_gmt":"2022-08-17T18:36:02","slug":"careers","status":"publish","type":"page","link":"https:\/\/www.johnbean.com\/la-es\/careers\/","title":{"rendered":"Careers"},"content":{"rendered":"\t\t<div data-elementor-type=\"wp-page\" data-elementor-id=\"617\" class=\"elementor elementor-617\" data-elementor-post-type=\"page\">\n\t\t\t\t\t\t<section class=\"elementor-section elementor-top-section elementor-element elementor-element-bb8a768 elementor-section-full_width elementor-section-height-default elementor-section-height-default\" data-id=\"bb8a768\" data-element_type=\"section\" data-e-type=\"section\" data-settings=\"{&quot;background_background&quot;:&quot;classic&quot;}\">\n\t\t\t\t\t\t<div class=\"elementor-container elementor-column-gap-no\">\n\t\t\t\t\t<div class=\"elementor-column elementor-col-100 elementor-top-column elementor-element elementor-element-b60ac89\" data-id=\"b60ac89\" data-element_type=\"column\" data-e-type=\"column\">\n\t\t\t<div class=\"elementor-widget-wrap elementor-element-populated\">\n\t\t\t\t\t\t<div class=\"elementor-element elementor-element-0038475 elementor-widget elementor-widget-image\" data-id=\"0038475\" data-element_type=\"widget\" data-e-type=\"widget\" data-widget_type=\"image.default\">\n\t\t\t\t<div class=\"elementor-widget-container\">\n\t\t\t\t\t\t\t\t\t\t\t\t\t\t\t<img fetchpriority=\"high\" decoding=\"async\" width=\"2170\" height=\"944\" src=\"https:\/\/www.johnbean.com\/la-es\/wp-content\/uploads\/2022\/01\/Header-2.jpg\" class=\"attachment-full size-full wp-image-620\" alt=\"\" srcset=\"https:\/\/www.johnbean.com\/la-es\/wp-content\/uploads\/2022\/01\/Header-2.jpg 2170w, https:\/\/www.johnbean.com\/la-es\/wp-content\/uploads\/2022\/01\/Header-2-300x131.jpg 300w, https:\/\/www.johnbean.com\/la-es\/wp-content\/uploads\/2022\/01\/Header-2-1024x445.jpg 1024w, https:\/\/www.johnbean.com\/la-es\/wp-content\/uploads\/2022\/01\/Header-2-768x334.jpg 768w, https:\/\/www.johnbean.com\/la-es\/wp-content\/uploads\/2022\/01\/Header-2-1536x668.jpg 1536w, https:\/\/www.johnbean.com\/la-es\/wp-content\/uploads\/2022\/01\/Header-2-2048x891.jpg 2048w, https:\/\/www.johnbean.com\/la-es\/wp-content\/uploads\/2022\/01\/Header-2-600x261.jpg 600w\" sizes=\"(max-width: 2170px) 100vw, 2170px\" \/>\t\t\t\t\t\t\t\t\t\t\t\t\t\t\t<\/div>\n\t\t\t\t<\/div>\n\t\t\t\t<div class=\"elementor-element elementor-element-e7dd593 elementor-widget elementor-widget-heading\" data-id=\"e7dd593\" data-element_type=\"widget\" data-e-type=\"widget\" data-widget_type=\"heading.default\">\n\t\t\t\t<div class=\"elementor-widget-container\">\n\t\t\t\t\t<h2 class=\"elementor-heading-title elementor-size-default\">CARRERAS<\/h2>\t\t\t\t<\/div>\n\t\t\t\t<\/div>\n\t\t\t\t<div class=\"elementor-element elementor-element-c627a09 elementor-widget-divider--view-line elementor-widget elementor-widget-divider\" data-id=\"c627a09\" data-element_type=\"widget\" data-e-type=\"widget\" data-widget_type=\"divider.default\">\n\t\t\t\t<div class=\"elementor-widget-container\">\n\t\t\t\t\t\t\t<div class=\"elementor-divider\">\n\t\t\t<span class=\"elementor-divider-separator\">\n\t\t\t\t\t\t<\/span>\n\t\t<\/div>\n\t\t\t\t\t\t<\/div>\n\t\t\t\t<\/div>\n\t\t\t\t<div class=\"elementor-element elementor-element-5cdb50f elementor-widget elementor-widget-text-editor\" data-id=\"5cdb50f\" data-element_type=\"widget\" data-e-type=\"widget\" data-widget_type=\"text-editor.default\">\n\t\t\t\t<div class=\"elementor-widget-container\">\n\t\t\t\t\t\t\t\t\tCRECIMIENTO Y OPORTUNIDAD \n\t\t\t\t\t\t\t\t<\/div>\n\t\t\t\t<\/div>\n\t\t\t\t\t<\/div>\n\t\t<\/div>\n\t\t\t\t\t<\/div>\n\t\t<\/section>\n\t\t\t\t<section class=\"elementor-section elementor-top-section elementor-element elementor-element-c57f792 elementor-section-full_width elementor-section-height-default elementor-section-height-default\" data-id=\"c57f792\" data-element_type=\"section\" data-e-type=\"section\" data-settings=\"{&quot;background_background&quot;:&quot;classic&quot;}\">\n\t\t\t\t\t\t<div class=\"elementor-container elementor-column-gap-default\">\n\t\t\t\t\t<div class=\"elementor-column elementor-col-100 elementor-top-column elementor-element elementor-element-b5f77e4\" data-id=\"b5f77e4\" data-element_type=\"column\" data-e-type=\"column\">\n\t\t\t<div class=\"elementor-widget-wrap elementor-element-populated\">\n\t\t\t\t\t\t<div class=\"elementor-element elementor-element-83f77ab elementor-widget elementor-widget-heading\" data-id=\"83f77ab\" data-element_type=\"widget\" data-e-type=\"widget\" data-widget_type=\"heading.default\">\n\t\t\t\t<div class=\"elementor-widget-container\">\n\t\t\t\t\t<h2 class=\"elementor-heading-title elementor-size-default\">TRABAJA CON NOSOTROS\n<\/h2>\t\t\t\t<\/div>\n\t\t\t\t<\/div>\n\t\t\t\t<div class=\"elementor-element elementor-element-bcfb6f4 elementor-widget elementor-widget-text-editor\" data-id=\"bcfb6f4\" data-element_type=\"widget\" data-e-type=\"widget\" data-widget_type=\"text-editor.default\">\n\t\t\t\t<div class=\"elementor-widget-container\">\n\t\t\t\t\t\t\t\t\t<p>John Bean<sup>\u00ae<\/sup> es la fuente l\u00edder mundial de soluciones en equipo de servicio automotriz y es una de varias marcas que ofrece Snap-on<sup>\u00ae<\/sup> a propietarios y gerentes de talleres de reparaci\u00f3n.<\/p><p>La gente reconoce Snap-on por la calidad de nuestros productos, pero nosotros sabemos que es la pasi\u00f3n y el car\u00e1cter de nuestra gente lo que hace de nuestra compa\u00f1\u00eda un l\u00edder mundial.<\/p><p>Con nuestro diverso talento y orgullo profundo en la familia de marcas Snap-on, utilizamos la innovaci\u00f3n para crear valor.<\/p>\t\t\t\t\t\t\t\t<\/div>\n\t\t\t\t<\/div>\n\t\t\t\t\t<\/div>\n\t\t<\/div>\n\t\t\t\t\t<\/div>\n\t\t<\/section>\n\t\t\t\t<section class=\"elementor-section elementor-top-section elementor-element elementor-element-5dd7a5c elementor-section-full_width elementor-section-height-default elementor-section-height-default\" data-id=\"5dd7a5c\" data-element_type=\"section\" data-e-type=\"section\">\n\t\t\t\t\t\t<div class=\"elementor-container elementor-column-gap-default\">\n\t\t\t\t\t<div class=\"elementor-column elementor-col-100 elementor-top-column elementor-element elementor-element-0e755c8\" data-id=\"0e755c8\" data-element_type=\"column\" data-e-type=\"column\">\n\t\t\t<div class=\"elementor-widget-wrap elementor-element-populated\">\n\t\t\t\t\t\t<div class=\"elementor-element elementor-element-746238e elementor-widget elementor-widget-heading\" data-id=\"746238e\" data-element_type=\"widget\" data-e-type=\"widget\" data-widget_type=\"heading.default\">\n\t\t\t\t<div class=\"elementor-widget-container\">\n\t\t\t\t\t<h2 class=\"elementor-heading-title elementor-size-default\">TRABAJAMOS JUNTOS ARDUAMENTE\n<\/h2>\t\t\t\t<\/div>\n\t\t\t\t<\/div>\n\t\t\t\t<div class=\"elementor-element elementor-element-4ac394b elementor-widget elementor-widget-heading\" data-id=\"4ac394b\" data-element_type=\"widget\" data-e-type=\"widget\" data-widget_type=\"heading.default\">\n\t\t\t\t<div class=\"elementor-widget-container\">\n\t\t\t\t\t<h2 class=\"elementor-heading-title elementor-size-default\">CRECEMOS JUNTOS. SOMOS UN EQUIPO SNAP-ON\u00ae. \n<\/h2>\t\t\t\t<\/div>\n\t\t\t\t<\/div>\n\t\t\t\t<section class=\"elementor-section elementor-inner-section elementor-element elementor-element-af18a09 elementor-section-full_width elementor-section-content-middle elementor-section-height-default elementor-section-height-default\" data-id=\"af18a09\" data-element_type=\"section\" data-e-type=\"section\">\n\t\t\t\t\t\t<div class=\"elementor-container elementor-column-gap-default\">\n\t\t\t\t\t<div class=\"elementor-column elementor-col-50 elementor-inner-column elementor-element elementor-element-481638e\" data-id=\"481638e\" data-element_type=\"column\" data-e-type=\"column\">\n\t\t\t<div class=\"elementor-widget-wrap elementor-element-populated\">\n\t\t\t\t\t\t<div class=\"elementor-element elementor-element-06c353c elementor-widget elementor-widget-text-editor\" data-id=\"06c353c\" data-element_type=\"widget\" data-e-type=\"widget\" data-widget_type=\"text-editor.default\">\n\t\t\t\t<div class=\"elementor-widget-container\">\n\t\t\t\t\t\t\t\t\t<p>A trav\u00e9s de la capacidad, habilidad y compromiso de nuestros asociados junto con la fuerza de nuestras marcas, Snap-on facilita el camino y resuelve tareas esenciales para profesionales de alto nivel en todo el mundo por lo que ha sido el l\u00edder de innovaci\u00f3n por m\u00e1s de 100 a\u00f1os.<\/p><p>Snap-on est\u00e1 comprometido con la igualdad en oportunidades en empleo, lo que significa que ninguna persona interesada en aplicar para un empleo ser\u00e1 discriminada por motivos de raza, credo, color, origen, g\u00e9nero, edad, discapacidad, orientaci\u00f3n sexual o estatus de veterano.<\/p>\t\t\t\t\t\t\t\t<\/div>\n\t\t\t\t<\/div>\n\t\t\t\t<div class=\"elementor-element elementor-element-2ff6943 elementor-widget elementor-widget-button\" data-id=\"2ff6943\" data-element_type=\"widget\" data-e-type=\"widget\" data-widget_type=\"button.default\">\n\t\t\t\t<div class=\"elementor-widget-container\">\n\t\t\t\t\t\t\t\t\t<div class=\"elementor-button-wrapper\">\n\t\t\t\t\t<a class=\"elementor-button elementor-button-link elementor-size-sm\" href=\"https:\/\/www.snapon.com\/EN\/Careers\">\n\t\t\t\t\t\t<span class=\"elementor-button-content-wrapper\">\n\t\t\t\t\t\t\t\t\t<span class=\"elementor-button-text\">\u00a1\u00daNETE A NUESTRO EQUIPO!<\/span>\n\t\t\t\t\t<\/span>\n\t\t\t\t\t<\/a>\n\t\t\t\t<\/div>\n\t\t\t\t\t\t\t\t<\/div>\n\t\t\t\t<\/div>\n\t\t\t\t\t<\/div>\n\t\t<\/div>\n\t\t\t\t<div class=\"elementor-column elementor-col-50 elementor-inner-column elementor-element elementor-element-a6e5b88\" data-id=\"a6e5b88\" data-element_type=\"column\" data-e-type=\"column\">\n\t\t\t<div class=\"elementor-widget-wrap elementor-element-populated\">\n\t\t\t\t\t\t<div class=\"elementor-element elementor-element-a868e85 elementor-widget elementor-widget-image\" data-id=\"a868e85\" data-element_type=\"widget\" data-e-type=\"widget\" data-widget_type=\"image.default\">\n\t\t\t\t<div class=\"elementor-widget-container\">\n\t\t\t\t\t\t\t\t\t\t\t\t\t\t\t\t<a href=\"https:\/\/www.johnbean.com\/la-es\/wp-content\/uploads\/2022\/03\/Machine-Assembly.jpg\" data-elementor-open-lightbox=\"yes\" data-elementor-lightbox-title=\"John Bean Machine Assembly\" data-e-action-hash=\"#elementor-action%3Aaction%3Dlightbox%26settings%3DeyJpZCI6NTA3MiwidXJsIjoiaHR0cHM6XC9cL3d3dy5qb2huYmVhbi5jb21cL2xhLWVzXC93cC1jb250ZW50XC91cGxvYWRzXC8yMDIyXC8wM1wvTWFjaGluZS1Bc3NlbWJseS5qcGcifQ%3D%3D\">\n\t\t\t\t\t\t\t<img decoding=\"async\" width=\"922\" height=\"480\" src=\"https:\/\/www.johnbean.com\/la-es\/wp-content\/uploads\/2022\/03\/Machine-Assembly.jpg\" class=\"attachment-full size-full wp-image-5072\" alt=\"\" srcset=\"https:\/\/www.johnbean.com\/la-es\/wp-content\/uploads\/2022\/03\/Machine-Assembly.jpg 922w, https:\/\/www.johnbean.com\/la-es\/wp-content\/uploads\/2022\/03\/Machine-Assembly-300x156.jpg 300w, https:\/\/www.johnbean.com\/la-es\/wp-content\/uploads\/2022\/03\/Machine-Assembly-768x400.jpg 768w\" sizes=\"(max-width: 922px) 100vw, 922px\" \/>\t\t\t\t\t\t\t\t<\/a>\n\t\t\t\t\t\t\t\t\t\t\t\t\t\t\t<\/div>\n\t\t\t\t<\/div>\n\t\t\t\t\t<\/div>\n\t\t<\/div>\n\t\t\t\t\t<\/div>\n\t\t<\/section>\n\t\t\t\t<section class=\"elementor-section elementor-inner-section elementor-element elementor-element-d4cdbff elementor-section-full_width elementor-section-content-middle elementor-section-height-default elementor-section-height-default\" data-id=\"d4cdbff\" data-element_type=\"section\" data-e-type=\"section\">\n\t\t\t\t\t\t<div class=\"elementor-container elementor-column-gap-default\">\n\t\t\t\t\t<div class=\"elementor-column elementor-col-50 elementor-inner-column elementor-element elementor-element-fb4b775\" data-id=\"fb4b775\" data-element_type=\"column\" data-e-type=\"column\">\n\t\t\t<div class=\"elementor-widget-wrap elementor-element-populated\">\n\t\t\t\t\t\t<div class=\"elementor-element elementor-element-d3661d0 elementor-widget elementor-widget-text-editor\" data-id=\"d3661d0\" data-element_type=\"widget\" data-e-type=\"widget\" data-widget_type=\"text-editor.default\">\n\t\t\t\t<div class=\"elementor-widget-container\">\n\t\t\t\t\t\t\t\t\t&#8220;Trabajar en el Laboratorio de Desarrollo de Equipo me brinda una sensaci\u00f3n de orgullo y realizaci\u00f3n porque contribuyo a la reputaci\u00f3n y calidad de los productos de renombre mundial de Snap-on.&#8221;\n\t\t\t\t\t\t\t\t<\/div>\n\t\t\t\t<\/div>\n\t\t\t\t<div class=\"elementor-element elementor-element-488909e elementor-widget elementor-widget-text-editor\" data-id=\"488909e\" data-element_type=\"widget\" data-e-type=\"widget\" data-widget_type=\"text-editor.default\">\n\t\t\t\t<div class=\"elementor-widget-container\">\n\t\t\t\t\t\t\t\t\t<p style=\"text-align: right;\"><strong>W. Sargent<\/strong><br \/>L\u00edder John Bean<sup>\u00ae<\/sup> Tru-Point\u2122<br \/>Trabaja con Snap-on desde 2010<\/p>\t\t\t\t\t\t\t\t<\/div>\n\t\t\t\t<\/div>\n\t\t\t\t\t<\/div>\n\t\t<\/div>\n\t\t\t\t<div class=\"elementor-column elementor-col-50 elementor-inner-column elementor-element elementor-element-a6abfbb\" data-id=\"a6abfbb\" data-element_type=\"column\" data-e-type=\"column\">\n\t\t\t<div class=\"elementor-widget-wrap elementor-element-populated\">\n\t\t\t\t\t\t<div class=\"elementor-element elementor-element-15fc66c elementor-widget elementor-widget-image\" data-id=\"15fc66c\" data-element_type=\"widget\" data-e-type=\"widget\" data-widget_type=\"image.default\">\n\t\t\t\t<div class=\"elementor-widget-container\">\n\t\t\t\t\t\t\t\t\t\t\t\t\t\t\t\t<a href=\"https:\/\/www.johnbean.com\/la-es\/wp-content\/uploads\/2022\/03\/Sergeant-Wayne.jpg\" data-elementor-open-lightbox=\"yes\" data-elementor-lightbox-title=\"W. Sargent Snap-on Employee\" data-e-action-hash=\"#elementor-action%3Aaction%3Dlightbox%26settings%3DeyJpZCI6NTA3MywidXJsIjoiaHR0cHM6XC9cL3d3dy5qb2huYmVhbi5jb21cL2xhLWVzXC93cC1jb250ZW50XC91cGxvYWRzXC8yMDIyXC8wM1wvU2VyZ2VhbnQtV2F5bmUuanBnIn0%3D\">\n\t\t\t\t\t\t\t<img decoding=\"async\" width=\"922\" height=\"480\" src=\"https:\/\/www.johnbean.com\/la-es\/wp-content\/uploads\/2022\/03\/Sergeant-Wayne.jpg\" class=\"attachment-full size-full wp-image-5073\" alt=\"\" srcset=\"https:\/\/www.johnbean.com\/la-es\/wp-content\/uploads\/2022\/03\/Sergeant-Wayne.jpg 922w, https:\/\/www.johnbean.com\/la-es\/wp-content\/uploads\/2022\/03\/Sergeant-Wayne-300x156.jpg 300w, https:\/\/www.johnbean.com\/la-es\/wp-content\/uploads\/2022\/03\/Sergeant-Wayne-768x400.jpg 768w\" sizes=\"(max-width: 922px) 100vw, 922px\" \/>\t\t\t\t\t\t\t\t<\/a>\n\t\t\t\t\t\t\t\t\t\t\t\t\t\t\t<\/div>\n\t\t\t\t<\/div>\n\t\t\t\t\t<\/div>\n\t\t<\/div>\n\t\t\t\t\t<\/div>\n\t\t<\/section>\n\t\t\t\t\t<\/div>\n\t\t<\/div>\n\t\t\t\t\t<\/div>\n\t\t<\/section>\n\t\t\t\t<\/div>\n\t\t","protected":false},"excerpt":{"rendered":"<p>CARRERAS CRECIMIENTO Y OPORTUNIDAD TRABAJA CON NOSOTROS John Bean\u00ae es la fuente l\u00edder mundial de soluciones en equipo de servicio automotriz y es una de varias marcas que ofrece Snap-on\u00ae a propietarios y gerentes de talleres de reparaci\u00f3n. La gente reconoce Snap-on por la calidad de nuestros productos, pero nosotros sabemos que es la pasi\u00f3n [&hellip;]<\/p>\n","protected":false},"author":1,"featured_media":0,"parent":0,"menu_order":0,"comment_status":"closed","ping_status":"closed","template":"","meta":{"_acf_changed":false,"footnotes":""},"class_list":["post-617","page","type-page","status-publish","hentry","entry"],"acf":[],"yoast_head":"<!-- This site is optimized with the Yoast SEO plugin v27.3 - https:\/\/yoast.com\/product\/yoast-seo-wordpress\/ -->\n<title>Careers - John Bean<\/title>\n<meta name=\"robots\" content=\"index, follow, max-snippet:-1, max-image-preview:large, max-video-preview:-1\" \/>\n<link rel=\"canonical\" href=\"https:\/\/www.johnbean.com\/la-es\/careers\/\" \/>\n<meta property=\"og:locale\" content=\"en_US\" \/>\n<meta property=\"og:type\" content=\"article\" \/>\n<meta property=\"og:title\" content=\"Careers - John Bean\" \/>\n<meta property=\"og:description\" content=\"CARRERAS CRECIMIENTO Y OPORTUNIDAD TRABAJA CON NOSOTROS John Bean\u00ae es la fuente l\u00edder mundial de soluciones en equipo de servicio automotriz y es una de varias marcas que ofrece Snap-on\u00ae a propietarios y gerentes de talleres de reparaci\u00f3n. La gente reconoce Snap-on por la calidad de nuestros productos, pero nosotros sabemos que es la pasi\u00f3n [&hellip;]\" \/>\n<meta property=\"og:url\" content=\"https:\/\/www.johnbean.com\/la-es\/careers\/\" \/>\n<meta property=\"og:site_name\" content=\"John Bean\" \/>\n<meta property=\"article:modified_time\" content=\"2022-08-17T18:36:02+00:00\" \/>\n<meta property=\"og:image\" content=\"https:\/\/www.johnbean.com\/la-es\/wp-content\/uploads\/2022\/01\/Header-2.jpg\" \/>\n<meta name=\"twitter:card\" content=\"summary_large_image\" \/>\n<meta name=\"twitter:label1\" content=\"Est. reading time\" \/>\n\t<meta name=\"twitter:data1\" content=\"2 minutes\" \/>\n<script type=\"application\/ld+json\" class=\"yoast-schema-graph\">{\"@context\":\"https:\\\/\\\/schema.org\",\"@graph\":[{\"@type\":\"WebPage\",\"@id\":\"https:\\\/\\\/www.johnbean.com\\\/la-es\\\/careers\\\/\",\"url\":\"https:\\\/\\\/www.johnbean.com\\\/la-es\\\/careers\\\/\",\"name\":\"Careers - John Bean\",\"isPartOf\":{\"@id\":\"https:\\\/\\\/www.johnbean.com\\\/la-es\\\/#website\"},\"primaryImageOfPage\":{\"@id\":\"https:\\\/\\\/www.johnbean.com\\\/la-es\\\/careers\\\/#primaryimage\"},\"image\":{\"@id\":\"https:\\\/\\\/www.johnbean.com\\\/la-es\\\/careers\\\/#primaryimage\"},\"thumbnailUrl\":\"https:\\\/\\\/www.johnbean.com\\\/la-es\\\/wp-content\\\/uploads\\\/2022\\\/01\\\/Header-2.jpg\",\"datePublished\":\"2022-01-05T18:32:49+00:00\",\"dateModified\":\"2022-08-17T18:36:02+00:00\",\"breadcrumb\":{\"@id\":\"https:\\\/\\\/www.johnbean.com\\\/la-es\\\/careers\\\/#breadcrumb\"},\"inLanguage\":\"en-US\",\"potentialAction\":[{\"@type\":\"ReadAction\",\"target\":[\"https:\\\/\\\/www.johnbean.com\\\/la-es\\\/careers\\\/\"]}]},{\"@type\":\"ImageObject\",\"inLanguage\":\"en-US\",\"@id\":\"https:\\\/\\\/www.johnbean.com\\\/la-es\\\/careers\\\/#primaryimage\",\"url\":\"https:\\\/\\\/www.johnbean.com\\\/la-es\\\/wp-content\\\/uploads\\\/2022\\\/01\\\/Header-2.jpg\",\"contentUrl\":\"https:\\\/\\\/www.johnbean.com\\\/la-es\\\/wp-content\\\/uploads\\\/2022\\\/01\\\/Header-2.jpg\",\"width\":2170,\"height\":944},{\"@type\":\"BreadcrumbList\",\"@id\":\"https:\\\/\\\/www.johnbean.com\\\/la-es\\\/careers\\\/#breadcrumb\",\"itemListElement\":[{\"@type\":\"ListItem\",\"position\":1,\"name\":\"Home\",\"item\":\"https:\\\/\\\/www.johnbean.com\\\/la-es\\\/\"},{\"@type\":\"ListItem\",\"position\":2,\"name\":\"Careers\"}]},{\"@type\":\"WebSite\",\"@id\":\"https:\\\/\\\/www.johnbean.com\\\/la-es\\\/#website\",\"url\":\"https:\\\/\\\/www.johnbean.com\\\/la-es\\\/\",\"name\":\"John Bean\",\"description\":\"Pionero en tecnolog\u00eda de alineaci\u00f3n\",\"publisher\":{\"@id\":\"https:\\\/\\\/www.johnbean.com\\\/la-es\\\/#organization\"},\"potentialAction\":[{\"@type\":\"SearchAction\",\"target\":{\"@type\":\"EntryPoint\",\"urlTemplate\":\"https:\\\/\\\/www.johnbean.com\\\/la-es\\\/?s={search_term_string}\"},\"query-input\":{\"@type\":\"PropertyValueSpecification\",\"valueRequired\":true,\"valueName\":\"search_term_string\"}}],\"inLanguage\":\"en-US\"},{\"@type\":\"Organization\",\"@id\":\"https:\\\/\\\/www.johnbean.com\\\/la-es\\\/#organization\",\"name\":\"John Bean\",\"url\":\"https:\\\/\\\/www.johnbean.com\\\/la-es\\\/\",\"logo\":{\"@type\":\"ImageObject\",\"inLanguage\":\"en-US\",\"@id\":\"https:\\\/\\\/www.johnbean.com\\\/la-es\\\/#\\\/schema\\\/logo\\\/image\\\/\",\"url\":\"https:\\\/\\\/www.johnbean.com\\\/la-es\\\/wp-content\\\/uploads\\\/2021\\\/12\\\/cropped-logo.png\",\"contentUrl\":\"https:\\\/\\\/www.johnbean.com\\\/la-es\\\/wp-content\\\/uploads\\\/2021\\\/12\\\/cropped-logo.png\",\"width\":1000,\"height\":192,\"caption\":\"John Bean\"},\"image\":{\"@id\":\"https:\\\/\\\/www.johnbean.com\\\/la-es\\\/#\\\/schema\\\/logo\\\/image\\\/\"}}]}<\/script>\n<!-- \/ Yoast SEO plugin. -->","yoast_head_json":{"title":"Careers - John Bean","robots":{"index":"index","follow":"follow","max-snippet":"max-snippet:-1","max-image-preview":"max-image-preview:large","max-video-preview":"max-video-preview:-1"},"canonical":"https:\/\/www.johnbean.com\/la-es\/careers\/","og_locale":"en_US","og_type":"article","og_title":"Careers - John Bean","og_description":"CARRERAS CRECIMIENTO Y OPORTUNIDAD TRABAJA CON NOSOTROS John Bean\u00ae es la fuente l\u00edder mundial de soluciones en equipo de servicio automotriz y es una de varias marcas que ofrece Snap-on\u00ae a propietarios y gerentes de talleres de reparaci\u00f3n. La gente reconoce Snap-on por la calidad de nuestros productos, pero nosotros sabemos que es la pasi\u00f3n [&hellip;]","og_url":"https:\/\/www.johnbean.com\/la-es\/careers\/","og_site_name":"John Bean","article_modified_time":"2022-08-17T18:36:02+00:00","og_image":[{"url":"https:\/\/www.johnbean.com\/la-es\/wp-content\/uploads\/2022\/01\/Header-2.jpg","type":"","width":"","height":""}],"twitter_card":"summary_large_image","twitter_misc":{"Est. reading time":"2 minutes"},"schema":{"@context":"https:\/\/schema.org","@graph":[{"@type":"WebPage","@id":"https:\/\/www.johnbean.com\/la-es\/careers\/","url":"https:\/\/www.johnbean.com\/la-es\/careers\/","name":"Careers - John Bean","isPartOf":{"@id":"https:\/\/www.johnbean.com\/la-es\/#website"},"primaryImageOfPage":{"@id":"https:\/\/www.johnbean.com\/la-es\/careers\/#primaryimage"},"image":{"@id":"https:\/\/www.johnbean.com\/la-es\/careers\/#primaryimage"},"thumbnailUrl":"https:\/\/www.johnbean.com\/la-es\/wp-content\/uploads\/2022\/01\/Header-2.jpg","datePublished":"2022-01-05T18:32:49+00:00","dateModified":"2022-08-17T18:36:02+00:00","breadcrumb":{"@id":"https:\/\/www.johnbean.com\/la-es\/careers\/#breadcrumb"},"inLanguage":"en-US","potentialAction":[{"@type":"ReadAction","target":["https:\/\/www.johnbean.com\/la-es\/careers\/"]}]},{"@type":"ImageObject","inLanguage":"en-US","@id":"https:\/\/www.johnbean.com\/la-es\/careers\/#primaryimage","url":"https:\/\/www.johnbean.com\/la-es\/wp-content\/uploads\/2022\/01\/Header-2.jpg","contentUrl":"https:\/\/www.johnbean.com\/la-es\/wp-content\/uploads\/2022\/01\/Header-2.jpg","width":2170,"height":944},{"@type":"BreadcrumbList","@id":"https:\/\/www.johnbean.com\/la-es\/careers\/#breadcrumb","itemListElement":[{"@type":"ListItem","position":1,"name":"Home","item":"https:\/\/www.johnbean.com\/la-es\/"},{"@type":"ListItem","position":2,"name":"Careers"}]},{"@type":"WebSite","@id":"https:\/\/www.johnbean.com\/la-es\/#website","url":"https:\/\/www.johnbean.com\/la-es\/","name":"John Bean","description":"Pionero en tecnolog\u00eda de alineaci\u00f3n","publisher":{"@id":"https:\/\/www.johnbean.com\/la-es\/#organization"},"potentialAction":[{"@type":"SearchAction","target":{"@type":"EntryPoint","urlTemplate":"https:\/\/www.johnbean.com\/la-es\/?s={search_term_string}"},"query-input":{"@type":"PropertyValueSpecification","valueRequired":true,"valueName":"search_term_string"}}],"inLanguage":"en-US"},{"@type":"Organization","@id":"https:\/\/www.johnbean.com\/la-es\/#organization","name":"John Bean","url":"https:\/\/www.johnbean.com\/la-es\/","logo":{"@type":"ImageObject","inLanguage":"en-US","@id":"https:\/\/www.johnbean.com\/la-es\/#\/schema\/logo\/image\/","url":"https:\/\/www.johnbean.com\/la-es\/wp-content\/uploads\/2021\/12\/cropped-logo.png","contentUrl":"https:\/\/www.johnbean.com\/la-es\/wp-content\/uploads\/2021\/12\/cropped-logo.png","width":1000,"height":192,"caption":"John Bean"},"image":{"@id":"https:\/\/www.johnbean.com\/la-es\/#\/schema\/logo\/image\/"}}]}},"_links":{"self":[{"href":"https:\/\/www.johnbean.com\/la-es\/wp-json\/wp\/v2\/pages\/617","targetHints":{"allow":["GET"]}}],"collection":[{"href":"https:\/\/www.johnbean.com\/la-es\/wp-json\/wp\/v2\/pages"}],"about":[{"href":"https:\/\/www.johnbean.com\/la-es\/wp-json\/wp\/v2\/types\/page"}],"author":[{"embeddable":true,"href":"https:\/\/www.johnbean.com\/la-es\/wp-json\/wp\/v2\/users\/1"}],"replies":[{"embeddable":true,"href":"https:\/\/www.johnbean.com\/la-es\/wp-json\/wp\/v2\/comments?post=617"}],"version-history":[{"count":9,"href":"https:\/\/www.johnbean.com\/la-es\/wp-json\/wp\/v2\/pages\/617\/revisions"}],"predecessor-version":[{"id":10150,"href":"https:\/\/www.johnbean.com\/la-es\/wp-json\/wp\/v2\/pages\/617\/revisions\/10150"}],"wp:attachment":[{"href":"https:\/\/www.johnbean.com\/la-es\/wp-json\/wp\/v2\/media?parent=617"}],"curies":[{"name":"wp","href":"https:\/\/api.w.org\/{rel}","templated":true}]}}